{"id":39,"date":"2011-06-28T19:16:37","date_gmt":"2011-06-28T19:16:37","guid":{"rendered":"http:\/\/localhost\/salty\/?page_id=39"},"modified":"2011-06-28T19:16:37","modified_gmt":"2011-06-28T19:16:37","slug":"materiais-corporativos","status":"publish","type":"page","link":"https:\/\/salty.com.br\/?page_id=39","title":{"rendered":"Materiais corporativos"},"content":{"rendered":"<p><strong>Materiais corporativos<\/strong><\/p>\n<p>Ilustra\u00e7\u00e3o, Cartuns e <a href=\"http:\/\/www.pessenasuaempresa.com.br\" TARGET=\"_blank\">tirinhas direcionadas para comunica\u00e7\u00e3o interna<\/a> e externa da empresa;<br \/>\n<a href=\"http:\/\/www.mp.pr.gov.br\/arquivos\/File\/gibi_coxinha.pdf\" TARGET=\"_blank\">Elabora\u00e7\u00e3o de hist\u00f3ria em quadrinhos<\/a> para campanhas educativas e promocionais;<br \/>\nCria\u00e7\u00e3o de personagens e mascotes;<br \/>\nElabora\u00e7\u00e3o de clipes e vinhetas;<br \/>\nCria\u00e7\u00e3o de sites e logomarcas;<br \/>\nFilmagens institucionais;<br \/>\nCobertura de eventos corporativos.<\/p>\n","protected":false},"excerpt":{"rendered":"<p>Materiais corporativos Ilustra\u00e7\u00e3o, Cartuns e tirinhas direcionadas para comunica\u00e7\u00e3o interna e externa da empresa; Elabora\u00e7\u00e3o de hist\u00f3ria em quadrinhos para campanhas educativas e promocionais; Cria\u00e7\u00e3o de personagens e mascotes; Elabora\u00e7\u00e3o de clipes e vinhetas; Cria\u00e7\u00e3o de sites e logomarcas; Filmagens &hellip;<br \/> <a href=\"https:\/\/salty.com.br\/?page_id=39\" class=\"link-ver-novidade\">Continue lendo <span class=\"meta-nav\">\u00bb<\/span><\/a><\/p>\n","protected":false},"author":1,"featured_media":0,"parent":0,"menu_order":0,"comment_status":"closed","ping_status":"closed","template":"modelo-pagina-padrao.php","meta":{"footnotes":""},"class_list":["post-39","page","type-page","status-publish","hentry"],"_links":{"self":[{"href":"https:\/\/salty.com.br\/index.php?rest_route=\/wp\/v2\/pages\/39"}],"collection":[{"href":"https:\/\/salty.com.br\/index.php?rest_route=\/wp\/v2\/pages"}],"about":[{"href":"https:\/\/salty.com.br\/index.php?rest_route=\/wp\/v2\/types\/page"}],"author":[{"embeddable":true,"href":"https:\/\/salty.com.br\/index.php?rest_route=\/wp\/v2\/users\/1"}],"replies":[{"embeddable":true,"href":"https:\/\/salty.com.br\/index.php?rest_route=%2Fwp%2Fv2%2Fcomments&post=39"}],"version-history":[{"count":0,"href":"https:\/\/salty.com.br\/index.php?rest_route=\/wp\/v2\/pages\/39\/revisions"}],"wp:attachment":[{"href":"https:\/\/salty.com.br\/index.php?rest_route=%2Fwp%2Fv2%2Fmedia&parent=39"}],"curies":[{"name":"wp","href":"https:\/\/api.w.org\/{rel}","templated":true}]}}