{"id":37,"date":"2011-06-28T18:44:46","date_gmt":"2011-06-28T18:44:46","guid":{"rendered":"http:\/\/localhost\/salty\/?page_id=37"},"modified":"2011-06-28T18:44:46","modified_gmt":"2011-06-28T18:44:46","slug":"producao-de-video","status":"publish","type":"page","link":"https:\/\/salty.com.br\/?page_id=37","title":{"rendered":"Produ\u00e7\u00e3o de v\u00eddeo"},"content":{"rendered":"<p><strong>Produ\u00e7\u00e3o de v\u00eddeo<\/strong><\/p>\n<p>Desenho animado;<br \/>\nMaking of;<br \/>\nCria\u00e7\u00e3o de clipes e vinhetas;<br \/>\nCria\u00e7\u00e3o de comerciais;<br \/>\nEdi\u00e7\u00e3o de video;<br \/>\nFilmagens de Casamento, Anivers\u00e1rios e Formaturas;<br \/>\nAluguel de Grua e Cameras HD;<br \/>\nProdu\u00e7\u00f5es cinematogr\u00e1ficas.<\/p>\n","protected":false},"excerpt":{"rendered":"<p>Produ\u00e7\u00e3o de v\u00eddeo Desenho animado; Making of; Cria\u00e7\u00e3o de clipes e vinhetas; Cria\u00e7\u00e3o de comerciais; Edi\u00e7\u00e3o de video; Filmagens de Casamento, Anivers\u00e1rios e Formaturas; Aluguel de Grua e Cameras HD; Produ\u00e7\u00f5es cinematogr\u00e1ficas.<\/p>\n","protected":false},"author":1,"featured_media":0,"parent":0,"menu_order":0,"comment_status":"closed","ping_status":"closed","template":"modelo-pagina-padrao.php","meta":{"footnotes":""},"class_list":["post-37","page","type-page","status-publish","hentry"],"_links":{"self":[{"href":"https:\/\/salty.com.br\/index.php?rest_route=\/wp\/v2\/pages\/37"}],"collection":[{"href":"https:\/\/salty.com.br\/index.php?rest_route=\/wp\/v2\/pages"}],"about":[{"href":"https:\/\/salty.com.br\/index.php?rest_route=\/wp\/v2\/types\/page"}],"author":[{"embeddable":true,"href":"https:\/\/salty.com.br\/index.php?rest_route=\/wp\/v2\/users\/1"}],"replies":[{"embeddable":true,"href":"https:\/\/salty.com.br\/index.php?rest_route=%2Fwp%2Fv2%2Fcomments&post=37"}],"version-history":[{"count":0,"href":"https:\/\/salty.com.br\/index.php?rest_route=\/wp\/v2\/pages\/37\/revisions"}],"wp:attachment":[{"href":"https:\/\/salty.com.br\/index.php?rest_route=%2Fwp%2Fv2%2Fmedia&parent=37"}],"curies":[{"name":"wp","href":"https:\/\/api.w.org\/{rel}","templated":true}]}}