{"id":30,"date":"2011-06-28T14:42:31","date_gmt":"2011-06-28T14:42:31","guid":{"rendered":"http:\/\/localhost\/salty\/?page_id=30"},"modified":"2012-12-12T12:37:20","modified_gmt":"2012-12-12T12:37:20","slug":"empresa","status":"publish","type":"page","link":"https:\/\/salty.com.br\/?page_id=30","title":{"rendered":"Empresa"},"content":{"rendered":"<p><strong>Quem somos?<\/strong><\/p>\n<p>Salty Produ\u00e7\u00f5es \u00e9 uma empresa que atua na \u00e1rea de comunica\u00e7\u00e3o corporativa, disponibilizando conte\u00fado para a comunica\u00e7\u00e3o interna e externa da empresa. Na \u00e1rea de v\u00eddeo produ\u00e7\u00f5es, atua na cobertura de eventos e produ\u00e7\u00e3o de materiais destinados ao entretenimento.<\/p>\n<blockquote><p><strong>Salty Produ\u00e7\u00f5es<\/strong><br \/>\nRua Mau\u00e1 410, Alto da Gloria<br \/>\nCuritiba &#8211; Paran\u00e1<br \/>\nTelefone:  (41) 3501-9070 &#8211; (41) 9197-2690<\/p><\/blockquote>\n<p>&nbsp;<br \/>\n<strong>Nossos Clientes<\/strong><\/p>\n<p>Banco HSBC<br \/>\nOmar Camargo Investimentos<br \/>\nSindicato dos Banc\u00e1rios de Curitiba e Regi\u00e3o<br \/>\nMinist\u00e9rio P\u00fablico do Paran\u00e1<\/p>\n","protected":false},"excerpt":{"rendered":"<p>Quem somos? Salty Produ\u00e7\u00f5es \u00e9 uma empresa que atua na \u00e1rea de comunica\u00e7\u00e3o corporativa, disponibilizando conte\u00fado para a comunica\u00e7\u00e3o interna e externa da empresa. Na \u00e1rea de v\u00eddeo produ\u00e7\u00f5es, atua na cobertura de eventos e produ\u00e7\u00e3o de materiais destinados ao &hellip;<br \/> <a href=\"https:\/\/salty.com.br\/?page_id=30\" class=\"link-ver-novidade\">Continue lendo <span class=\"meta-nav\">\u00bb<\/span><\/a><\/p>\n","protected":false},"author":1,"featured_media":0,"parent":0,"menu_order":0,"comment_status":"closed","ping_status":"closed","template":"modelo-pagina-padrao.php","meta":{"footnotes":""},"class_list":["post-30","page","type-page","status-publish","hentry"],"_links":{"self":[{"href":"https:\/\/salty.com.br\/index.php?rest_route=\/wp\/v2\/pages\/30"}],"collection":[{"href":"https:\/\/salty.com.br\/index.php?rest_route=\/wp\/v2\/pages"}],"about":[{"href":"https:\/\/salty.com.br\/index.php?rest_route=\/wp\/v2\/types\/page"}],"author":[{"embeddable":true,"href":"https:\/\/salty.com.br\/index.php?rest_route=\/wp\/v2\/users\/1"}],"replies":[{"embeddable":true,"href":"https:\/\/salty.com.br\/index.php?rest_route=%2Fwp%2Fv2%2Fcomments&post=30"}],"version-history":[{"count":3,"href":"https:\/\/salty.com.br\/index.php?rest_route=\/wp\/v2\/pages\/30\/revisions"}],"predecessor-version":[{"id":184,"href":"https:\/\/salty.com.br\/index.php?rest_route=\/wp\/v2\/pages\/30\/revisions\/184"}],"wp:attachment":[{"href":"https:\/\/salty.com.br\/index.php?rest_route=%2Fwp%2Fv2%2Fmedia&parent=30"}],"curies":[{"name":"wp","href":"https:\/\/api.w.org\/{rel}","templated":true}]}}